{"id":923,"date":"2020-04-07T02:17:18","date_gmt":"2020-04-07T00:17:18","guid":{"rendered":"https:\/\/www.stb-rohr.de\/?page_id=923"},"modified":"2020-05-13T18:30:46","modified_gmt":"2020-05-13T16:30:46","slug":"unternehmensberatung","status":"publish","type":"page","link":"https:\/\/www.stb-rohr.de\/index.php\/steuerberatung\/unternehmensberatung\/","title":{"rendered":"UNTERNEHMENSBERATUNG"},"content":{"rendered":"\n<figure class=\"wp-block-image size-large\"><img loading=\"lazy\" width=\"336\" height=\"49\" src=\"https:\/\/www.stb-rohr.de\/wp-content\/uploads\/2020\/04\/ICON_U_BER.png\" alt=\"\" class=\"wp-image-956\" srcset=\"https:\/\/www.stb-rohr.de\/wp-content\/uploads\/2020\/04\/ICON_U_BER.png 336w, https:\/\/www.stb-rohr.de\/wp-content\/uploads\/2020\/04\/ICON_U_BER-300x44.png 300w\" sizes=\"(max-width: 336px) 100vw, 336px\" \/><\/figure>\n\n\n\n<div class=\"wp-block-columns\">\n<div class=\"wp-block-column\">\n<h2 class=\"has-secondary-color has-text-color\">Die eigene Zukunft gestalten.<\/h2>\n\n\n\n<p>Jede Entscheidung im Unternehmen hat steuerliche Konsequenzen. Auch private Verm\u00f6gensentscheidungen haben vielfach steuerliche Auswirkungen.<\/p>\n\n\n\n<p>Ziel unserer Gestaltungsberatungen ist es, Ihre Vorhaben unter Einbeziehung aller steuerlichen Aspekte zu optimieren. Wir betreuen Sie umfassend und zeigen Ihnen im privaten und unternehmerischen Bereich legale steuerliche Gestaltungsm\u00f6glichkeiten auf. <\/p>\n\n\n\n<p>Durch die Gegen\u00fcberstellung von alternativen Szenarien helfen wir Ihnen, individuell auf Sie oder Ihr Unternehmen zugeschnittene L\u00f6sungen zu finden, um Ihre Steuerlast zu minimieren. Unter Abw\u00e4gung aller pers\u00f6nlichen, wirtschaftlichen und rechtlichen Entscheidungskriterien entwickeln wir mit Ihnen langfristig tragf\u00e4hige Gestaltungen.<\/p>\n<\/div>\n\n\n\n<div class=\"wp-block-column\">\n<blockquote class=\"wp-block-quote\"><p><strong>Betriebswirtschaftliche Beratung<\/strong><br \/>\n<i>Finanzplanung<\/i><br \/>\n<i>Liquidit\u00e4tsplanung<\/i><br \/>\n<i>Umsatz- und Ertragsvorschau<\/i><br \/>\n<i>Branchenvergleichsrechnungen<\/i><br \/>\n<i>Steuerbelastungsvergleiche<\/i><br \/>\n<i>Beratung bei \u00dcbernahme eines bestehenden Betriebs<\/i><br \/> \n<i>Unternehmensnachfolge, Unternehmensverkauf\/-aufgabe<\/i><br \/>\n<i>Gestaltung der vorweggenommenen Erfolge<\/i><br \/>\n<i>Optimierung der Rechtsform \/ Umwandlungen<\/i><br \/>\n<i>Immobilienkauf \/ -verkauf<\/i><br \/>\n<i>Private und betriebliche Altersversorgung<\/i><br \/>\n<i>Erstellung von Gutachten<\/i><br \/>\n<br><b>Existenzgr\u00fcnder<\/b><br \/>\n<i>Beratung und Unterst\u00fctzung bei Firmengr\u00fcndung<\/i><br \/>\n<i>Beratung bei der Wahl der geeigneten Rechtsform<\/i><br \/>\n<i>Unterst\u00fctzung bei der Erstellung von Businesspl\u00e4nen und <i>Liquidit\u00e4tsplanung<\/i><br \/>\n<i>Unterst\u00fctzung in Finanzierungsgespr\u00e4chen<\/i><br \/>\n<\/p>\n<\/blockquote>\n<\/div>\n<\/div>\n\n\n\n<p><\/p>\n","protected":false},"excerpt":{"rendered":"<p>Die eigene Zukunft gestalten. Jede Entscheidung im Unternehmen hat steuerliche Konsequenzen. Auch private Verm\u00f6gensentscheidungen haben vielfach steuerliche Auswirkungen. Ziel unserer Gestaltungsberatungen ist es, Ihre Vorhaben unter Einbeziehung aller steuerlichen Aspekte zu optimieren. Wir betreuen Sie umfassend und zeigen Ihnen im privaten und unternehmerischen Bereich legale steuerliche Gestaltungsm\u00f6glichkeiten auf. Durch die Gegen\u00fcberstellung von alternativen Szenarien helfen [&hellip;]<\/p>\n","protected":false},"author":1,"featured_media":1074,"parent":617,"menu_order":4,"comment_status":"closed","ping_status":"closed","template":"","meta":{"gt_page_layout":"fullwidth","gt_hide_page_title":true,"gt_remove_bottom_margin":false},"_links":{"self":[{"href":"https:\/\/www.stb-rohr.de\/index.php\/wp-json\/wp\/v2\/pages\/923"}],"collection":[{"href":"https:\/\/www.stb-rohr.de\/index.php\/wp-json\/wp\/v2\/pages"}],"about":[{"href":"https:\/\/www.stb-rohr.de\/index.php\/wp-json\/wp\/v2\/types\/page"}],"author":[{"embeddable":true,"href":"https:\/\/www.stb-rohr.de\/index.php\/wp-json\/wp\/v2\/users\/1"}],"replies":[{"embeddable":true,"href":"https:\/\/www.stb-rohr.de\/index.php\/wp-json\/wp\/v2\/comments?post=923"}],"version-history":[{"count":28,"href":"https:\/\/www.stb-rohr.de\/index.php\/wp-json\/wp\/v2\/pages\/923\/revisions"}],"predecessor-version":[{"id":1596,"href":"https:\/\/www.stb-rohr.de\/index.php\/wp-json\/wp\/v2\/pages\/923\/revisions\/1596"}],"up":[{"embeddable":true,"href":"https:\/\/www.stb-rohr.de\/index.php\/wp-json\/wp\/v2\/pages\/617"}],"wp:featuredmedia":[{"embeddable":true,"href":"https:\/\/www.stb-rohr.de\/index.php\/wp-json\/wp\/v2\/media\/1074"}],"wp:attachment":[{"href":"https:\/\/www.stb-rohr.de\/index.php\/wp-json\/wp\/v2\/media?parent=923"}],"curies":[{"name":"wp","href":"https:\/\/api.w.org\/{rel}","templated":true}]}}