{"id":916,"date":"2020-04-07T01:37:03","date_gmt":"2020-04-06T23:37:03","guid":{"rendered":"https:\/\/www.stb-rohr.de\/?page_id=916"},"modified":"2020-05-13T20:54:59","modified_gmt":"2020-05-13T18:54:59","slug":"jahresabschluesse","status":"publish","type":"page","link":"https:\/\/www.stb-rohr.de\/index.php\/steuerberatung\/jahresabschluesse\/","title":{"rendered":"JAHRESABSCHL\u00dcSSE"},"content":{"rendered":"\n<figure class=\"wp-block-image size-large\"><img loading=\"lazy\" width=\"264\" height=\"49\" src=\"https:\/\/www.stb-rohr.de\/wp-content\/uploads\/2020\/05\/ICON_JA_NEW.png\" alt=\"\" class=\"wp-image-998\"\/><\/figure>\n\n\n\n<p><\/p>\n\n\n\n<div class=\"wp-block-columns\">\n<div class=\"wp-block-column\">\n<h2 class=\"has-secondary-color has-text-color\">Ihre Erfolgskontrolle.<\/h2>\n\n\n\n<p>Das rechnerische Ergebnis eines Gesch\u00e4ftsjahres und das Ergebnis einer gewissenhaft durchgef\u00fchrten Buchhaltung ist der Jahresabschluss. Er dient der Dokumentation des vergangenen Gesch\u00e4ftsjahres und ist die Grundlage f\u00fcr die Besteuerung.<\/p>\n\n\n\n<p>Dar\u00fcber hinaus bietet er eine wichtige Informationsquelle f\u00fcr zukunftsorientierte Planungen und zeigt Entwicklungstendenzen eines Unternehmens an.<\/p>\n\n\n\n<p>Wir erstellen f\u00fcr Sie auf Wunsch den j\u00e4hrlichen Jahresabschluss (Einnahmen-\u00dcberschussrechnung oder Bilanz und Gewinn- und Verlustrechnung) sowie die dazugeh\u00f6rigen <a href=\"https:\/\/www.stb-rohr.de\/index.php\/steuerberatung\/steuern\/\"><b>Steuererkl\u00e4rungen<\/b><\/a>.<\/p>\n\n\n\n<p><\/p>\n<\/div>\n\n\n\n<div class=\"wp-block-column\">\n<blockquote class=\"wp-block-quote\"><p><strong>Unsere Arbeiten im Einzelnen<\/strong><br>\n<i>Gestaltungsberatung vor Erstellung<\/i><br>\n<i>Bilanzen nach Handels- und Steuerrecht<\/i><br>\n<i>Einnahmen-\u00dcberschussrechnungen<\/i><br>\n<i>Erstellen der E-Bilanz und \u00dcbermittlung an die Finanzverwaltung<\/i><br>\n<i>Offenlegung der Handelsbilanz beim elektronischen Bundesanzeiger<\/i><br>\n<i>Mehrjahresvergleiche<\/i><br> \n<i>Branchenvergleiche<\/i><br>\n<i>Vertretung bei Betriebspr\u00fcfungen<\/i><br>\n<br><strong>Branchen<\/strong><br>\n<i>Architekten<\/i> | <i>Apotheken<\/i> | <i>B\u00e4cker<\/i> | <i>Dentallabors<\/i> | <i>Dienstleistungsbetriebe<\/i> | <i>Friseure<\/i> | <i>Gro\u00df- und Einzelhandel<\/i> | <i>Grundst\u00fccksverwaltung<\/i> | <i>Handelsvertreter<\/i> | <i>Handwerk<\/i> | <i>Heilberufe (\u00c4rzte, Zahn\u00e4rzte, Heilpraktiker, Physiotherapeuten)<\/i> | <i>Immobilienmakler<\/i> | <i>Ingenieure<\/i> | <i>Kfz-Gewerbe<\/i> | <i>K\u00fcnstler<\/i> | <i>Maschinenbau<\/i> | <i>Photovoltaik- und Solaranlagenbetreiber<\/i> | <i>Sachverst\u00e4ndige<\/i> | <i>Softwareentwickler<\/i> | <i>Unternehmensberater<\/i> | <i>Versicherungsmakler<\/i> | u. v. m.<\/i> \n<\/p><\/blockquote>\n<\/div>\n<\/div>\n","protected":false},"excerpt":{"rendered":"<p>Ihre Erfolgskontrolle. Das rechnerische Ergebnis eines Gesch\u00e4ftsjahres und das Ergebnis einer gewissenhaft durchgef\u00fchrten Buchhaltung ist der Jahresabschluss. Er dient der Dokumentation des vergangenen Gesch\u00e4ftsjahres und ist die Grundlage f\u00fcr die Besteuerung. Dar\u00fcber hinaus bietet er eine wichtige Informationsquelle f\u00fcr zukunftsorientierte Planungen und zeigt Entwicklungstendenzen eines Unternehmens an. Wir erstellen f\u00fcr Sie auf Wunsch den j\u00e4hrlichen [&hellip;]<\/p>\n","protected":false},"author":1,"featured_media":1071,"parent":617,"menu_order":2,"comment_status":"closed","ping_status":"closed","template":"","meta":{"gt_page_layout":"fullwidth","gt_hide_page_title":true,"gt_remove_bottom_margin":false},"_links":{"self":[{"href":"https:\/\/www.stb-rohr.de\/index.php\/wp-json\/wp\/v2\/pages\/916"}],"collection":[{"href":"https:\/\/www.stb-rohr.de\/index.php\/wp-json\/wp\/v2\/pages"}],"about":[{"href":"https:\/\/www.stb-rohr.de\/index.php\/wp-json\/wp\/v2\/types\/page"}],"author":[{"embeddable":true,"href":"https:\/\/www.stb-rohr.de\/index.php\/wp-json\/wp\/v2\/users\/1"}],"replies":[{"embeddable":true,"href":"https:\/\/www.stb-rohr.de\/index.php\/wp-json\/wp\/v2\/comments?post=916"}],"version-history":[{"count":20,"href":"https:\/\/www.stb-rohr.de\/index.php\/wp-json\/wp\/v2\/pages\/916\/revisions"}],"predecessor-version":[{"id":1595,"href":"https:\/\/www.stb-rohr.de\/index.php\/wp-json\/wp\/v2\/pages\/916\/revisions\/1595"}],"up":[{"embeddable":true,"href":"https:\/\/www.stb-rohr.de\/index.php\/wp-json\/wp\/v2\/pages\/617"}],"wp:featuredmedia":[{"embeddable":true,"href":"https:\/\/www.stb-rohr.de\/index.php\/wp-json\/wp\/v2\/media\/1071"}],"wp:attachment":[{"href":"https:\/\/www.stb-rohr.de\/index.php\/wp-json\/wp\/v2\/media?parent=916"}],"curies":[{"name":"wp","href":"https:\/\/api.w.org\/{rel}","templated":true}]}}