{"id":909,"date":"2020-04-07T00:09:01","date_gmt":"2020-04-06T22:09:01","guid":{"rendered":"https:\/\/www.stb-rohr.de\/?page_id=909"},"modified":"2025-08-12T12:54:16","modified_gmt":"2025-08-12T10:54:16","slug":"finanz-und-lohnbuchhaltung","status":"publish","type":"page","link":"https:\/\/www.stb-rohr.de\/index.php\/steuerberatung\/finanz-und-lohnbuchhaltung\/","title":{"rendered":"FINANZ- UND LOHNBUCHHALTUNG"},"content":{"rendered":"\n<figure class=\"wp-block-image size-large\"><img loading=\"lazy\" width=\"415\" height=\"48\" src=\"https:\/\/www.stb-rohr.de\/wp-content\/uploads\/2020\/04\/ICON_FIBU.png\" alt=\"\" class=\"wp-image-944\" srcset=\"https:\/\/www.stb-rohr.de\/wp-content\/uploads\/2020\/04\/ICON_FIBU.png 415w, https:\/\/www.stb-rohr.de\/wp-content\/uploads\/2020\/04\/ICON_FIBU-300x35.png 300w\" sizes=\"(max-width: 415px) 100vw, 415px\" \/><\/figure>\n\n\n\n<div class=\"wp-block-columns\">\n<div class=\"wp-block-column\">\n<h2 class=\"has-secondary-color has-text-color\">Gesch\u00e4ftsvorg\u00e4nge optimal erfassen.<\/h2>\n\n\n\n<p>Unser Leistungsangebot reicht von der Bearbeitung und Erstellung von Finanzbuchhaltungen \u00fcber das Erstellen der monatlichen Lohnbuchhaltung (inklusive Baulohn) mit allen Nebenleistungen.<\/p>\n\n\n\n<p>Wir ber\u00fccksichtigen Ihre unterschiedlichen Bed\u00fcrfnisse und Anforderungen und bieten branchenspezifische L\u00f6sungen bei der Einf\u00fchrung einer auf Sie individuell angepassten Buchhaltung an. <\/p>\n\n\n\n<p>Neben der kompletten Erstellung der Finanzbuchhaltung durch uns sind verschiedene Grade der Handhabung und die Betreuung von Selbstbuchern m\u00f6glich.  <\/p>\n<\/div>\n\n\n\n<div class=\"wp-block-column\">\n<p><\/p>\n\n\n\n<blockquote class=\"wp-block-quote\"><p><strong>Unsere Arbeiten umfassen<\/strong><br>\n<i>Finanzbuchhaltung<\/i><br>\n<i>Anlagenbuchhaltung<\/i><br>\n<i>Kostenrechnung<\/i><br>\n<i>Beratung zur ordnungsgem\u00e4\u00dfen Buchf\u00fchrung (z. B. Bearbeitung, Kontierung und Archivierung von Belegen, F\u00fchrung Kassenbuch usw.)<\/i><br>\n<i>Erstellung von Lohn- und Gehaltsabrechnungen<\/i><br>\n<i>Lohnsteuer- und Sozialversicherungsanmeldungen<\/i><br> \n<i>Kl\u00e4rung steuer- und sozialversicherungsrechtlicher Fragen<\/i><br>\n<i>Arbeits- und Entgeltbescheinigungen<\/i><br>\n<i>Unterst\u00fctzung bei Lohnsteuer- und Sozialversicherungspr\u00fcfungen<\/i><br \/>\n<br><strong>Branchen<\/strong><br>\n<i>Architekten<\/i> | <i>Apotheken<\/i> | <i>B\u00e4cker<\/i> | <i>Dentallabors<\/i> | <i>Dienstleistungsbetriebe<\/i> | <i>Friseure<\/i> | <i>Gro\u00df- und Einzelhandel<\/i> | <i>Grundst\u00fccksverwaltung<\/i> | <i>Handelsvertreter<\/i> | <i>Handwerk<\/i> | <i>Heilberufe (\u00c4rzte, Zahn\u00e4rzte, Heilpraktiker, Physiotherapeuten)<\/i> | <i>Immobilienmakler<\/i> | <i>Ingenieure<\/i> | <i>Kfz-Gewerbe<\/i> | <i>K\u00fcnstler<\/i> | <i>Maschinenbau<\/i> | <i>Photovoltaik- und Solaranlagenbetreiber<\/i> | <i>Sachverst\u00e4ndige<\/i> | <i>Softwareentwickler<\/i> | <i>Unternehmensberater<\/i> | <i>Versicherungsmakler<\/i> | u. v. m.<\/i> \n<\/p><\/blockquote>\n<\/div>\n<\/div>\n\n\n\n<figure class=\"wp-block-pullquote\"><blockquote class=\"has-text-color has-secondary-color\"><p>Konventionelle Buchf\u00fchrung<\/p><\/blockquote><\/figure>\n\n\n\n<p>Sie reichen als Mandant alle Belege in Papierform chronologisch sortiert monatlich oder viertelj\u00e4hrlich ein. Dies umfasst die Kontoausz\u00fcge Ihres Gesch\u00e4ftskontos, die Kassenbelege sowie alle Ein- und Ausgangsrechnungen.<\/p>\n\n\n\n<figure class=\"wp-block-pullquote\"><blockquote class=\"has-text-color has-secondary-color\"><p>Buchf\u00fchrung mit digitalen Bankkontoums\u00e4tzen<\/p><\/blockquote><\/figure>\n\n\n\n<p>Ihre Kontoums\u00e4tze erhalten wir auf elektronischem Weg unmittelbar von der Bank. Sie reichen lediglich Ihre Kassenbl\u00e4tter, Ein- und Ausgangsrechnungen und sonstige Belege ein.<\/p>\n\n\n\n<figure class=\"wp-block-pullquote\"><blockquote class=\"has-text-color has-secondary-color\"><p>Buchf\u00fchrung bei Selbstbuchern<\/p><\/blockquote><\/figure>\n\n\n\n<p>Wir k\u00f6nnen Ihre Buchhaltungsdaten in Dateiform \u00fcbernehmen, einspielen, kontrollieren und daraus Abschl\u00fcsse erstellen.<\/p>\n\n\n\n<figure class=\"wp-block-pullquote\"><blockquote class=\"has-text-color has-secondary-color\"><p>Digitalisierung der Buchungsbelege durch die Kanzlei<\/p><\/blockquote><\/figure>\n\n\n\n<p>Sie bringen uns Ihre Buchungsbelege und sonstigen Unterlagen, wir digitalisieren diese vollst\u00e4ndig. <\/p>\n\n\n\n<figure class=\"wp-block-pullquote\"><blockquote class=\"has-text-color has-secondary-color\"><p>Digitale Lohn- und Finanzbuchhaltung<\/p><\/blockquote><\/figure>\n\n\n\n<div class=\"wp-block-columns\">\n<div class=\"wp-block-column\">\n<figure class=\"wp-block-embed-youtube wp-block-embed is-type-video is-provider-youtube wp-embed-aspect-16-9 wp-has-aspect-ratio\"><div class=\"wp-block-embed__wrapper\">\n<div class=\"epyt-video-wrapper\"><iframe loading=\"lazy\"  id=\"_ytid_51998\"  width=\"800\" height=\"450\"  data-origwidth=\"800\" data-origheight=\"450\"  data-relstop=\"1\" src=\"https:\/\/www.youtube.com\/embed\/Axo6zkgDqBY?enablejsapi=1&#038;autoplay=0&#038;cc_load_policy=0&#038;cc_lang_pref=&#038;iv_load_policy=1&#038;loop=0&#038;rel=0&#038;fs=1&#038;playsinline=0&#038;autohide=2&#038;theme=dark&#038;color=red&#038;controls=1&#038;\" class=\"__youtube_prefs__  epyt-is-override  no-lazyload\" title=\"YouTube player\"  allow=\"fullscreen; accelerometer; autoplay; clipboard-write; encrypted-media; gyroscope; picture-in-picture\" allowfullscreen data-no-lazy=\"1\" data-skipgform_ajax_framebjll=\"\"><\/iframe><\/div>\n<\/div><\/figure>\n\n\n\n<p><\/p>\n<\/div>\n\n\n\n<div class=\"wp-block-column\">\n<p>Die modernste Form der Finanzbuchhaltung mit vielf\u00e4ltigen M\u00f6glichkeiten bietet <strong>Unternehmen Online<\/strong>, eine virtuelle Buchhaltungsplattform mit Cloud-basiertem Speicher. <\/p>\n\n\n\n<p>Der Unternehmer l\u00e4dt seine Buchhaltungsunterlagen auf die digitale Plattform hoch, wo sie von uns direkt bearbeitet und in die Finanzbuchhaltung eingebunden werden k\u00f6nnen. <\/p>\n\n\n\n<p>Anschlie\u00dfend senden wir die Buchungen an die Plattform zur\u00fcck, wo der Mandant jederzeit direkt Einsicht in die bebuchten Konten und die betriebswirtschaftlichen Auswertungen erh\u00e4lt.<\/p>\n<\/div>\n<\/div>\n\n\n\n<figure class=\"wp-block-pullquote\"><blockquote><p>Zur Benutzung von DATEV <b>Unternehmen Online<\/b> wird DATEV <b>SmartLogin<\/b> ben\u00f6tigt, <br>mit dem Sie sich bei DATEV anmelden k\u00f6nnen.  Sprechen Sie uns zur Registrierung an.<\/p><\/blockquote><\/figure>\n","protected":false},"excerpt":{"rendered":"<p>Gesch\u00e4ftsvorg\u00e4nge optimal erfassen. Unser Leistungsangebot reicht von der Bearbeitung und Erstellung von Finanzbuchhaltungen \u00fcber das Erstellen der monatlichen Lohnbuchhaltung (inklusive Baulohn) mit allen Nebenleistungen. Wir ber\u00fccksichtigen Ihre unterschiedlichen Bed\u00fcrfnisse und Anforderungen und bieten branchenspezifische L\u00f6sungen bei der Einf\u00fchrung einer auf Sie individuell angepassten Buchhaltung an. Neben der kompletten Erstellung der Finanzbuchhaltung durch uns sind verschiedene [&hellip;]<\/p>\n","protected":false},"author":1,"featured_media":1073,"parent":617,"menu_order":1,"comment_status":"closed","ping_status":"closed","template":"","meta":{"gt_page_layout":"fullwidth","gt_hide_page_title":true,"gt_remove_bottom_margin":false},"_links":{"self":[{"href":"https:\/\/www.stb-rohr.de\/index.php\/wp-json\/wp\/v2\/pages\/909"}],"collection":[{"href":"https:\/\/www.stb-rohr.de\/index.php\/wp-json\/wp\/v2\/pages"}],"about":[{"href":"https:\/\/www.stb-rohr.de\/index.php\/wp-json\/wp\/v2\/types\/page"}],"author":[{"embeddable":true,"href":"https:\/\/www.stb-rohr.de\/index.php\/wp-json\/wp\/v2\/users\/1"}],"replies":[{"embeddable":true,"href":"https:\/\/www.stb-rohr.de\/index.php\/wp-json\/wp\/v2\/comments?post=909"}],"version-history":[{"count":49,"href":"https:\/\/www.stb-rohr.de\/index.php\/wp-json\/wp\/v2\/pages\/909\/revisions"}],"predecessor-version":[{"id":1594,"href":"https:\/\/www.stb-rohr.de\/index.php\/wp-json\/wp\/v2\/pages\/909\/revisions\/1594"}],"up":[{"embeddable":true,"href":"https:\/\/www.stb-rohr.de\/index.php\/wp-json\/wp\/v2\/pages\/617"}],"wp:featuredmedia":[{"embeddable":true,"href":"https:\/\/www.stb-rohr.de\/index.php\/wp-json\/wp\/v2\/media\/1073"}],"wp:attachment":[{"href":"https:\/\/www.stb-rohr.de\/index.php\/wp-json\/wp\/v2\/media?parent=909"}],"curies":[{"name":"wp","href":"https:\/\/api.w.org\/{rel}","templated":true}]}}