{"id":5,"date":"2018-10-02T21:49:16","date_gmt":"2018-10-02T19:49:16","guid":{"rendered":"http:\/\/www.stb-rohr.de\/?page_id=5"},"modified":"2020-05-13T23:32:30","modified_gmt":"2020-05-13T21:32:30","slug":"5-2","status":"publish","type":"page","link":"https:\/\/www.stb-rohr.de\/","title":{"rendered":""},"content":{"rendered":"\n<p> <\/p>\n<p>Mit langj\u00e4hriger Berufserfahrung als Steuerberater unterst\u00fctzen wir Sie zuverl\u00e4ssig in allen steuerlichen Belangen von der Existenzgr\u00fcndung bis zur Nachfolgeberatung. Als vorausschauende Berater und strategische Partner unserer Mandanten beraten wir umfassend und engagiert bei allen Steuer- und Wirtschaftsfragen.<\/p>\n<p>Lernen Sie uns bei einem kostenlosen Erstberatungsgespr\u00e4ch kennen. Mehr zu unseren <a href=\"https:\/\/www.stb-rohr.de\/index.php\/steuerberatung\/\"><b>Leistungen<\/b><\/a> finden Sie <a href=\"https:\/\/www.stb-rohr.de\/index.php\/steuerberatung\/\"><b>hier<\/b><\/a>.<\/p>\n\n\n\n<p><\/p>\n","protected":false},"excerpt":{"rendered":"<p>Mit langj\u00e4hriger Berufserfahrung als Steuerberater unterst\u00fctzen wir Sie zuverl\u00e4ssig in allen steuerlichen Belangen von der Existenzgr\u00fcndung bis zur Nachfolgeberatung. Als vorausschauende Berater und strategische Partner unserer Mandanten beraten wir umfassend und engagiert bei allen Steuer- und Wirtschaftsfragen. Lernen Sie uns bei einem kostenlosen Erstberatungsgespr\u00e4ch kennen. Mehr zu unseren Leistungen finden Sie hier.<\/p>\n","protected":false},"author":1,"featured_media":968,"parent":0,"menu_order":1,"comment_status":"closed","ping_status":"closed","template":"","meta":{"gt_page_layout":"fullwidth","gt_hide_page_title":true,"gt_remove_bottom_margin":false},"_links":{"self":[{"href":"https:\/\/www.stb-rohr.de\/index.php\/wp-json\/wp\/v2\/pages\/5"}],"collection":[{"href":"https:\/\/www.stb-rohr.de\/index.php\/wp-json\/wp\/v2\/pages"}],"about":[{"href":"https:\/\/www.stb-rohr.de\/index.php\/wp-json\/wp\/v2\/types\/page"}],"author":[{"embeddable":true,"href":"https:\/\/www.stb-rohr.de\/index.php\/wp-json\/wp\/v2\/users\/1"}],"replies":[{"embeddable":true,"href":"https:\/\/www.stb-rohr.de\/index.php\/wp-json\/wp\/v2\/comments?post=5"}],"version-history":[{"count":48,"href":"https:\/\/www.stb-rohr.de\/index.php\/wp-json\/wp\/v2\/pages\/5\/revisions"}],"predecessor-version":[{"id":1352,"href":"https:\/\/www.stb-rohr.de\/index.php\/wp-json\/wp\/v2\/pages\/5\/revisions\/1352"}],"wp:featuredmedia":[{"embeddable":true,"href":"https:\/\/www.stb-rohr.de\/index.php\/wp-json\/wp\/v2\/media\/968"}],"wp:attachment":[{"href":"https:\/\/www.stb-rohr.de\/index.php\/wp-json\/wp\/v2\/media?parent=5"}],"curies":[{"name":"wp","href":"https:\/\/api.w.org\/{rel}","templated":true}]}}