{"id":46,"date":"2018-10-13T23:42:43","date_gmt":"2018-10-13T21:42:43","guid":{"rendered":"http:\/\/www.stb-rohr.de\/?page_id=46"},"modified":"2022-08-18T11:10:56","modified_gmt":"2022-08-18T09:10:56","slug":"kontakt","status":"publish","type":"page","link":"https:\/\/www.stb-rohr.de\/index.php\/kontakt\/","title":{"rendered":"KONTAKT"},"content":{"rendered":"\n<figure class=\"wp-block-image size-large\"><img loading=\"lazy\" width=\"121\" height=\"47\" src=\"https:\/\/www.stb-rohr.de\/wp-content\/uploads\/2020\/05\/ICON_KONTAKT.png\" alt=\"\" class=\"wp-image-1348\"\/><\/figure>\n\n\n\n<div class=\"wp-block-columns\">\n<div class=\"wp-block-column\">\n<p><\/p>\n\n\n\n<p><\/p>\n\n\n\n<p>Mit dem folgenden Formular k\u00f6nnen Sie direkt Kontakt zu unserem Kanzlei-Team aufnehmen.<\/p>\n\n\n\n<p>Bitte beachten Sie, dass Ihre im Rahmen dieses Kontaktformulars an uns \u00fcbermittelten Kontaktdaten von uns zur Bearbeitung Ihrer Anfragen gespeichert werden. Eine Weitergabe Ihrer Daten an Dritte ohne Ihre Einwilligung erfolgt nicht. N\u00e4heres entnehmen Sie bitte unserer <a href=\"https:\/\/www.stb-rohr.de\/index.php\/datenschutzerklaerung\/\"><strong>Datenschutzerkl\u00e4rung<\/strong><\/a>.<\/p>\n\n\n\n<p>Gerne k\u00f6nnen Sie das Formular nutzen, um erstmals mit uns Kontakt aufzunehmen. Vereinbaren Sie einen kostenlosen Erstberatungstermin.<\/p>\n\n\n\n<p>Sind Sie bereits Mandant, so k\u00f6nnen Sie uns auf diesem Weg jederzeit Mitteilungen zusenden. Insbesondere Terminanfragen, -absprachen und telefonische R\u00fcckmeldungen k\u00f6nnen wir so schnell und effizient erledigen. <\/p>\n\n\n\n<p>Bitte schildern Sie Ihr Anliegen und teilen Sie mit, ob Sie eine Antwort durch R\u00fcckruf oder per Email w\u00fcnschen und hinterlassen Sie uns die entsprechenden Kontaktdaten.<\/p>\n\n\n\n<p><\/p>\n<\/div>\n\n\n\n<div class=\"wp-block-column\">\n<b>KONTAKTFORMULAR<\/b>\n\n\n\n<p><\/p>\n\n\n\n<div class=\"everest-forms\"><div class=\"evf-container default\" id=\"evf-116\"><form id=\"evf-form-116\" class=\"everest-form\" data-formid=\"116\" data-ajax_submission=\"0\" data-keyboard_friendly_form=\"0\" data-form_state_type=\"\" method=\"post\" enctype=\"multipart\/form-data\" action=\"\/index.php\/wp-json\/wp\/v2\/pages\/46\"><div class=\"evf-field-container\"><input type=\"hidden\" id=\"_wpnonce116\" name=\"_wpnonce116\" value=\"20c4b078a7\" \/><input type=\"hidden\" name=\"_wp_http_referer\" value=\"\/index.php\/wp-json\/wp\/v2\/pages\/46\" \/><div class=\"evf-frontend-row\" data-row=\"row_1\" conditional_rules=\"[]\"><div class=\"evf-frontend-grid evf-grid-1\" data-grid=\"grid_1\"><div id=\"evf-116-field_fullname-container\" class=\"evf-field evf-field-text form-row validate-required\" data-required-field-message=\"This field is required.\" data-field-id=\"fullname\"><label class=\"evf-field-label\" for=\"evf-116-field_fullname\"><span class=\"evf-label\">Name<\/span> <abbr class=\"required\" title=\"Required\">*<\/abbr><\/label><input type=\"text\" id=\"evf-116-field_fullname\" class=\"input-text\" name=\"everest_forms[form_fields][fullname]\" placeholder=\"Ihr Name*\" required><\/div><div id=\"evf-116-field_email-container\" class=\"evf-field evf-field-email form-row validate-required validate-email\" data-required-field-message=\"Please enter a valid email address.\" data-field-id=\"email\"><label class=\"evf-field-label\" for=\"evf-116-field_email\"><span class=\"evf-label\">E-Mail<\/span> <abbr class=\"required\" title=\"Required\">*<\/abbr><\/label><input type=\"email\" id=\"evf-116-field_email\" class=\"input-text\" name=\"everest_forms[form_fields][email]\" placeholder=\"Ihre Email*\" required ><\/div><div id=\"evf-116-field_subject-container\" class=\"evf-field evf-field-text form-row validate-required\" data-required-field-message=\"This field is required.\" data-field-id=\"subject\"><label class=\"evf-field-label\" for=\"evf-116-field_subject\"><span class=\"evf-label\">Betreff<\/span> <abbr class=\"required\" title=\"Required\">*<\/abbr><\/label><input type=\"text\" id=\"evf-116-field_subject\" class=\"input-text\" name=\"everest_forms[form_fields][subject]\" placeholder=\"Ihr Anliegen*\" required><\/div><div id=\"evf-116-field_message-container\" class=\"evf-field evf-field-textarea form-row\" data-field-id=\"message\"><label class=\"evf-field-label\" for=\"evf-116-field_message\"><span class=\"evf-label\">Nachricht<\/span> <\/label><textarea id=\"evf-116-field_message\" class=\"input-text\" name=\"everest_forms[form_fields][message]\" placeholder=\"Ihre Nachricht\"  ><\/textarea><\/div><\/div><\/div><div class=\"evf-frontend-row\" data-row=\"row_2\" conditional_rules=\"[]\"><div class=\"evf-frontend-grid evf-grid-1\" data-grid=\"grid_1\"><div id=\"evf-116-field_D4lrajYkDs-1-container\" class=\"evf-field evf-field-checkbox form-row validate-required\" data-required-field-message=\"This field is required.\" data-field-id=\"D4lrajYkDs-1\"><label class=\"evf-field-label\" for=\"evf-116-field_D4lrajYkDs-1\"><span class=\"evf-label\">Datenschutzhinweis<\/span> <abbr class=\"required\" title=\"Required\">*<\/abbr><\/label><ul id=\"evf-116-field_D4lrajYkDs-1\" class=\" evf-field-required\"><li class=\"choice-1 depth-1\"><input type=\"checkbox\" id=\"evf-116-field_D4lrajYkDs-1_1\" class=\"input-text\" name=\"everest_forms[form_fields][D4lrajYkDs-1][]\" value=\"Mit dem Absenden des Kontaktformulars erkl\u00e4re ich mich einverstanden, dass meine Daten zur Bearbeitung meines Anliegens verwendet werden. \" required ><label class=\"everest-forms-field-label-inline\" for=\"evf-116-field_D4lrajYkDs-1_1\">Mit dem Absenden des Kontaktformulars erkl\u00e4re ich mich einverstanden, dass meine Daten zur Bearbeitung meines Anliegens verwendet werden. <\/label><\/li><\/ul><\/div><\/div><\/div><\/div><div class=\"evf-honeypot-container evf-field-hp\"><label for=\"evf-116-field-hp\" class=\"evf-field-label\">Message<\/label><input type=\"text\" name=\"everest_forms[hp]\" id=\"evf-116-field-hp\" class=\"input-text\"><\/div><div class=\"evf-recaptcha-container \" style=\"display:block\"><div class=\"g-recaptcha\" data-sitekey=\"6LfNIucUAAAAAPepPZTZajGbeVxAbAfrxhIgphtc\"><\/div><\/div><div class=\"evf-submit-container \" ><input type=\"hidden\" name=\"everest_forms[id]\" value=\"116\"><input type=\"hidden\" name=\"everest_forms[author]\" value=\"1\"><button type='submit' name='everest_forms[submit]' class='everest-forms-submit-button button evf-submit ' id='evf-submit-116' value='evf-submit' data-process-text=\"In Bearbeitung\u2026\" conditional_rules='&quot;&quot;' conditional_id='evf-submit-116'  id=\"evf-submit-116\" aria-live=\"assertive\">E-Mail senden<\/button><\/div><\/form><\/div><!-- .evf-container --><\/div>\n<\/div>\n<\/div>\n\n\n\n<p><\/p>\n\n\n\n<div class=\"wp-block-columns\"><\/div>\n\n\n\n<figure class=\"wp-block-pullquote\"><blockquote class=\"has-text-color has-secondary-color\"><p>So finden Sie uns<\/p><\/blockquote><\/figure>\n\n\n\n<div class=\"wp-block-columns\">\n<div class=\"wp-block-column\">\n<div class=\"wp-block-columns\">\n<div class=\"wp-block-column\" style=\"flex-basis:33.33%\">\n<p>Kanzleir\u00e4ume<\/p>\n<\/div>\n\n\n\n<div class=\"wp-block-column\" style=\"flex-basis:66.66%\">\n<p><b>Fr\u00f6belstra\u00dfe 28<br>67433 Neustadt an der Weinstra\u00dfe<\/b><br><\/p>\n\n\n\n<p><\/p>\n<\/div>\n<\/div>\n<\/div>\n\n\n\n<div class=\"wp-block-column\">\n<div class=\"wp-block-columns\">\n<div class=\"wp-block-column\" style=\"flex-basis:33.33%\">\n<p>Au\u00dfenstelle<\/p>\n<\/div>\n\n\n\n<div class=\"wp-block-column\" style=\"flex-basis:66.66%\">\n<p><b>Im Burggarten 8<br>67482 Freimersheim<\/b><\/p>\n<\/div>\n<\/div>\n<\/div>\n<\/div>\n\n\n\n<div class=\"wp-block-columns\">\n<div class=\"wp-block-column\">\n<div class=\"wp-block-columns\">\n<div class=\"wp-block-column\" style=\"flex-basis:33.33%\">\n<p>Sekretariat<\/p>\n<\/div>\n\n\n\n<div class=\"wp-block-column\" style=\"flex-basis:66.66%\">\n<p><b>+49 6321 965320<\/b><\/p>\n<\/div>\n<\/div>\n<\/div>\n\n\n\n<div class=\"wp-block-column\">\n<p><b>Termine nach Vereinbarung<\/b><\/p>\n<\/div>\n<\/div>\n\n\n\n<div class=\"wp-block-columns\">\n<div class=\"wp-block-column\">\n<div class=\"wp-block-columns\">\n<div class=\"wp-block-column\" style=\"flex-basis:33.33%\">\n<p>B\u00fcrozeiten<\/p>\n<\/div>\n\n\n\n<div class=\"wp-block-column\" style=\"flex-basis:66.66%\">\n<p><b>Montag bis Mittwoch<br>Donnerstag<br>Freitag<\/b><\/p>\n<\/div>\n<\/div>\n<\/div>\n\n\n\n<div class=\"wp-block-column\">\n<div class=\"wp-block-columns\">\n<div class=\"wp-block-column\">\n<p><b>8:00 bis 12:00 und 14:00 bis 17:00<br>8:00 bis 12:00 und 14:00 bis 18:00<br>8:00 bis 13:00<\/b><\/p>\n<\/div>\n<\/div>\n<\/div>\n<\/div>\n\n\n\n<div class=\"wp-block-columns\">\n<div class=\"wp-block-column\">\n<div class=\"wp-block-columns\">\n<div class=\"wp-block-column\" style=\"flex-basis:33.33%\">\n<p>Anfahrt<\/p>\n<\/div>\n\n\n\n<div class=\"wp-block-column\" style=\"flex-basis:66.66%\">\n<p>5 Gehminuten vom Hauptbahnhof Neustadt Mit dem Pkw \u00fcber die BAB 65 Ausfahrt Neustadt Nord und \u00fcber die B49.<\/p>\n<\/div>\n<\/div>\n<\/div>\n\n\n\n<div class=\"wp-block-column\"><\/div>\n<\/div>\n\n\n\n<div class=\"wp-block-columns\">\n<div class=\"wp-block-column\">\n<figure><iframe loading=\"lazy\" style=\"border: 0;\" tabindex=\"0\" src=\"https:\/\/www.google.com\/maps\/embed?pb=!1m18!1m12!1m3!1d2599.018142634859!2d8.130869915866576!3d49.351805173791206!2m3!1f0!2f0!3f0!3m2!1i1024!2i768!4f13.1!3m3!1m2!1s0x4796491133b9c57b%3A0x58d8b064501b50c4!2sSteuerberater%20Stefan%20Rohr!5e0!3m2!1sde!2sde!4v1586075572138!5m2!1sde!2sde\" allowfullscreen=\"allowfullscreen\" aria-hidden=\"false\" width=\"1400\" height=\"450\" frameborder=\"0\"><\/iframe><\/figure><p><\/p>\n<\/div>\n\n\n\n<div class=\"wp-block-column\">\n<p><\/p>\n<\/div>\n<\/div>\n","protected":false},"excerpt":{"rendered":"<p>Mit dem folgenden Formular k\u00f6nnen Sie direkt Kontakt zu unserem Kanzlei-Team aufnehmen. Bitte beachten Sie, dass Ihre im Rahmen dieses Kontaktformulars an uns \u00fcbermittelten Kontaktdaten von uns zur Bearbeitung Ihrer Anfragen gespeichert werden. Eine Weitergabe Ihrer Daten an Dritte ohne Ihre Einwilligung erfolgt nicht. N\u00e4heres entnehmen Sie bitte unserer Datenschutzerkl\u00e4rung. Gerne k\u00f6nnen Sie das Formular [&hellip;]<\/p>\n","protected":false},"author":1,"featured_media":1079,"parent":0,"menu_order":6,"comment_status":"closed","ping_status":"closed","template":"","meta":{"gt_page_layout":"fullwidth","gt_hide_page_title":true,"gt_remove_bottom_margin":false},"_links":{"self":[{"href":"https:\/\/www.stb-rohr.de\/index.php\/wp-json\/wp\/v2\/pages\/46"}],"collection":[{"href":"https:\/\/www.stb-rohr.de\/index.php\/wp-json\/wp\/v2\/pages"}],"about":[{"href":"https:\/\/www.stb-rohr.de\/index.php\/wp-json\/wp\/v2\/types\/page"}],"author":[{"embeddable":true,"href":"https:\/\/www.stb-rohr.de\/index.php\/wp-json\/wp\/v2\/users\/1"}],"replies":[{"embeddable":true,"href":"https:\/\/www.stb-rohr.de\/index.php\/wp-json\/wp\/v2\/comments?post=46"}],"version-history":[{"count":178,"href":"https:\/\/www.stb-rohr.de\/index.php\/wp-json\/wp\/v2\/pages\/46\/revisions"}],"predecessor-version":[{"id":1612,"href":"https:\/\/www.stb-rohr.de\/index.php\/wp-json\/wp\/v2\/pages\/46\/revisions\/1612"}],"wp:featuredmedia":[{"embeddable":true,"href":"https:\/\/www.stb-rohr.de\/index.php\/wp-json\/wp\/v2\/media\/1079"}],"wp:attachment":[{"href":"https:\/\/www.stb-rohr.de\/index.php\/wp-json\/wp\/v2\/media?parent=46"}],"curies":[{"name":"wp","href":"https:\/\/api.w.org\/{rel}","templated":true}]}}