{"id":1004,"date":"2020-05-11T18:13:19","date_gmt":"2020-05-11T16:13:19","guid":{"rendered":"https:\/\/www.stb-rohr.de\/?page_id=1004"},"modified":"2022-03-10T11:50:48","modified_gmt":"2022-03-10T10:50:48","slug":"steuern","status":"publish","type":"page","link":"https:\/\/www.stb-rohr.de\/index.php\/steuerberatung\/steuern\/","title":{"rendered":"STEUERERKL\u00c4RUNGEN"},"content":{"rendered":"\n<figure class=\"wp-block-image size-large\"><img loading=\"lazy\" width=\"285\" height=\"50\" src=\"https:\/\/www.stb-rohr.de\/wp-content\/uploads\/2020\/05\/ICON_STERKL.png\" alt=\"\" class=\"wp-image-1005\"\/><\/figure>\n\n\n\n<div class=\"wp-block-columns\">\n<div class=\"wp-block-column\">\n<h2 class=\"has-secondary-color has-text-color\">Steuern sparen.<\/h2>\n\n\n\n<p>Mit der Steuererkl\u00e4rung legen Personen oder Unternehmen die Tatsachen gegen\u00fcber einer Finanzbeh\u00f6rde offen, die die Ermittlung der Besteuerungsgrundlagen und die Festsetzung der Steuer erm\u00f6glichen.<\/p>\n\n\n\n<p>Wir beraten Sie umfassend \u00fcber Ihre M\u00f6glichkeiten, Steuern zu sparen.  und erstellen f\u00fcr Sie die Steuererkl\u00e4rungen. \u00dcber \u00c4nderungen der f\u00fcr Sie relevanten Steuergesetzgebung informieren wir Sie laufend. <\/p>\n\n\n\n<p>Schon bei der Erstellung der Steuererkl\u00e4rungen berechnen wir Ihnen die Steuererstattung bzw. die Steuernachzahlung, damit Sie sofort wissen, mit welchen Betr\u00e4gen zu rechnen ist.<\/p>\n<\/div>\n\n\n\n<div class=\"wp-block-column\">\n<blockquote class=\"wp-block-quote\"><p><strong>Steuerdeklarationen<\/strong><br>\n<i>Einkommensteuer<\/i><br>\n<i>Erkl\u00e4rung zur gesonderten und einheitlichen Feststellung<\/i><br>\n<i>Antrag auf Nichtveranlagung<\/i><br>\n<i>Umsatzsteuer<\/i><br>\n<i>Umsatzsteuer-Voranmeldungen, Vorsteuerverg\u00fctungen<\/i><br>\n<i>Gewerbesteuer<\/i><br> \n<i>K\u00f6rperschaftsteuer<\/i><br>\n<i>Kapitalertragsteuer<\/i><br>\n<i>Erbschaft- und Schenkungsteuer<\/i><br>\n<br><strong>Weitere Leistungen der Kanzlei<\/strong><br>\n<i>Erledigung des Schriftverkehrs mit den Finanzbeh\u00f6rden<\/i><br>\n<i>Pr\u00fcfung von Steuerbescheiden<\/i><br>\n<i>Einreichung von Fristverl\u00e4ngerungen<\/i><br>\n<i>Erlass oder Stundung von Steuerschulden<\/i><br>\n<i>Herabsetzung von Steuervorauszahlungen<\/i><br>\n<i>Durchf\u00fchrung von \u00c4nderungs- und Einspruchsverfahren<\/i><br>\n<i>Elektronische Einspr\u00fcche und Herabsetzungsantr\u00e4ge<\/i><br>\n<i>Vertretung bei Steuerpr\u00fcfungen<\/i><br>\n<\/p>\n<\/blockquote>\n<\/div>\n<\/div>\n\n\n\n<figure class=\"wp-block-pullquote\"><blockquote class=\"has-text-color has-secondary-color\"><p>Konventionelle Steuererkl\u00e4rung<\/p><\/blockquote><\/figure>\n\n\n\n<p>Zur Bearbeitung Ihrer Steuererkl\u00e4rungen \u00fcbernehmen wir weiterhin gerne Ihre Belege in Papierform. Diese werden bei uns digitalisiert und archiviert, die Originalbelege erhalten Sie zur\u00fcck. <\/p>\n\n\n\n<figure class=\"wp-block-pullquote\"><blockquote class=\"has-text-color has-secondary-color\"><p>Vorausgef\u00fcllte Steuererkl\u00e4rung<\/p><\/blockquote><\/figure>\n\n\n\n<p>Standardm\u00e4\u00dfig rufen wir vor Beginn unserer Arbeiten die an die Finanzverwaltung \u00fcbermittelten Sie betreffenden Daten ab, pr\u00fcfen diese und \u00fcbernehmen Sie in die Steuererkl\u00e4rung.<\/p>\n\n\n\n<figure class=\"wp-block-pullquote\"><blockquote class=\"has-text-color has-secondary-color\"><p><em>Digitale Steuererkl\u00e4rung<\/em><\/p><\/blockquote><\/figure>\n\n\n\n<p>Wir m\u00f6chten Sie einladen, an der digitalen Bearbeitung Ihrer Steuererkl\u00e4rung durch die Nutzung der Programme DATEV <b>Meine Steuern<\/b> und <b>Freizeichnung online<\/b> teilzunehmen. <strong>Die Teilnahme ist f\u00fcr Sie nicht mit weiteren Kosten verbunden<\/strong>. Hierdurch ergeben sich f\u00fcr Sie folgende Vorteile:<\/p>\n\n\n\n<ol><li>Sie k\u00f6nnen uns bequem orts- und zeitunabh\u00e4ngig Belege f\u00fcr Ihre Steuererkl\u00e4rung in die DATEV-Cloud hochladen und uns diese zur weiteren Bearbeitung zur Verf\u00fcgung stellen. Das Vorbeibringen der Belege oder das Zusenden per Post sind nicht mehr notwendig.<\/li><br><li>Sie und unsere Kanzlei greifen auf denselben Datenbestand zu. Mittels unserer &#8222;Checkliste Einkommensteuererkl\u00e4rung&#8220; im Portal erfahren Sie, welche Dokumente f\u00fcr Ihre Steuererkl\u00e4rung relevant sind.<\/li><br><li>Sie haben jederzeit Zugriff auf die gespeicherten digitalen Belege und Informationen.<\/li><br><li>Alle Belege, Dokumente und Informationen, die Sie mit uns \u00fcber die DATEV-Cloud austauschen, sind vor fremden Zugriffen gesch\u00fctzt.<\/li><br><li><b>DATEV Meine Steuern<\/b> unterst\u00fctzt die Digitalisierung und sorgt f\u00fcr effizientere Prozesse. Ein aufw\u00e4ndiges Ausdrucken der Steuererkl\u00e4rung auf Papier oder Zusendung im PDF-Format entf\u00e4llt somit.<\/li><br><li>Nach Fertigstellung Ihrer Steuererkl\u00e4rung stellen wir Ihnen diese digital zur Durchsicht bereit. Durch deren Legitimierung mittels <b>Freizeichnung Online<\/b> erlauben Sie uns mit einem Klick die \u00dcbertragung der Daten an das Finanzamt. <\/li><\/ol>\n\n\n\n<figure class=\"wp-block-pullquote\"><blockquote><p>Zur Benutzung von DATEV <b>Meine Steuern<\/b> wird DATEV <b>SmartLogin<\/b> ben\u00f6tigt, <\/p><p>mit dem Sie sich bei DATEV anmelden k\u00f6nnen. <\/p><\/blockquote><\/figure>\n\n\n\n<p>Im folgenden Video erhalten Sie eine schnelle \u00dcbersicht der Arbeit mit DATEV <strong>Meine Steuern<\/strong>.<\/p>\n\n\n\n<div class=\"wp-block-columns\">\n<div class=\"wp-block-column\">\n<h2>PROGRAMMANWENDUNG<\/h2>\n\n\n\n<p>Um sich mit DATEV SmartLogin anmelden zu k\u00f6nnen, ben\u00f6tigen Sie die gleichnamige App sowie ein Smartphone oder Tablet, das QR-Codes lesen kann. So melden Sie sich bei&nbsp;DATEV <strong>Meine Steuern<\/strong> an:<\/p>\n\n\n\n<ol><li>Aufruf der Online-Anwendung DATEV <strong>Meine Steuern<\/strong> im Internet-Browser \u00fcber folgenden Link: <a href=\"https:\/\/www.mydatev.de\/privat\">https:\/\/mydatev.de\/privat<\/a><\/li><li>\u00d6ffnen Sie auf Ihrem Smartphone die App DATEV <b>SmartLogin<\/b> und geben Sie Ihre PIN ein, die Ihnen per Post mitgeteilt wurde.<\/li><li>Scannen Sie mit Ihrem Smartphone oder Tablet den im Webbrowser angezeigten QR-Code. Die Online-Awendung startet.<\/li><li>W\u00e4hlen Sie bei Anwendungen &#8222;Meine Steuern&#8220; aus.<\/li><li>Sie gelangen in die \u00dcbersicht, bei der Sie oben das betreffende Veranlagungsjahr ausw\u00e4hlen. \u00dcber den Button &#8222;Dokumente Hinzuf\u00fcgen&#8220; werden die Belege von Ihnen hochgeladen und optional vorsortiert.<\/li><\/ol>\n\n\n\n<p><\/p>\n<\/div>\n\n\n\n<div class=\"wp-block-column\">\n<p><\/p>\n\n\n\n<figure class=\"wp-block-embed-youtube aligncenter wp-block-embed is-type-video is-provider-youtube wp-embed-aspect-4-3 wp-has-aspect-ratio\"><div class=\"wp-block-embed__wrapper\">\n<div class=\"epyt-video-wrapper\"><iframe loading=\"lazy\"  id=\"_ytid_75536\"  width=\"800\" height=\"450\"  data-origwidth=\"800\" data-origheight=\"450\"  data-relstop=\"1\" src=\"https:\/\/www.youtube.com\/embed\/xz19apRK3BI?enablejsapi=1&#038;autoplay=0&#038;cc_load_policy=0&#038;cc_lang_pref=&#038;iv_load_policy=1&#038;loop=0&#038;rel=0&#038;fs=1&#038;playsinline=0&#038;autohide=2&#038;theme=dark&#038;color=red&#038;controls=1&#038;\" class=\"__youtube_prefs__  epyt-is-override  no-lazyload\" title=\"YouTube player\"  allow=\"fullscreen; accelerometer; autoplay; clipboard-write; encrypted-media; gyroscope; picture-in-picture\" allowfullscreen data-no-lazy=\"1\" data-skipgform_ajax_framebjll=\"\"><\/iframe><\/div>\n<\/div><\/figure>\n<\/div>\n<\/div>\n\n\n\n<figure class=\"wp-block-pullquote\"><blockquote><p>Zur Registrierung f\u00fcr Ihr DATEV <strong>SmartLogin<\/strong> nehmen Sie bitte Kontakt mit uns auf.<\/p><\/blockquote><\/figure>\n","protected":false},"excerpt":{"rendered":"<p>Steuern sparen. Mit der Steuererkl\u00e4rung legen Personen oder Unternehmen die Tatsachen gegen\u00fcber einer Finanzbeh\u00f6rde offen, die die Ermittlung der Besteuerungsgrundlagen und die Festsetzung der Steuer erm\u00f6glichen. Wir beraten Sie umfassend \u00fcber Ihre M\u00f6glichkeiten, Steuern zu sparen. und erstellen f\u00fcr Sie die Steuererkl\u00e4rungen. \u00dcber \u00c4nderungen der f\u00fcr Sie relevanten Steuergesetzgebung informieren wir Sie laufend. Schon bei [&hellip;]<\/p>\n","protected":false},"author":1,"featured_media":1072,"parent":617,"menu_order":3,"comment_status":"closed","ping_status":"closed","template":"","meta":{"gt_page_layout":"fullwidth","gt_hide_page_title":true,"gt_remove_bottom_margin":false},"_links":{"self":[{"href":"https:\/\/www.stb-rohr.de\/index.php\/wp-json\/wp\/v2\/pages\/1004"}],"collection":[{"href":"https:\/\/www.stb-rohr.de\/index.php\/wp-json\/wp\/v2\/pages"}],"about":[{"href":"https:\/\/www.stb-rohr.de\/index.php\/wp-json\/wp\/v2\/types\/page"}],"author":[{"embeddable":true,"href":"https:\/\/www.stb-rohr.de\/index.php\/wp-json\/wp\/v2\/users\/1"}],"replies":[{"embeddable":true,"href":"https:\/\/www.stb-rohr.de\/index.php\/wp-json\/wp\/v2\/comments?post=1004"}],"version-history":[{"count":47,"href":"https:\/\/www.stb-rohr.de\/index.php\/wp-json\/wp\/v2\/pages\/1004\/revisions"}],"predecessor-version":[{"id":1498,"href":"https:\/\/www.stb-rohr.de\/index.php\/wp-json\/wp\/v2\/pages\/1004\/revisions\/1498"}],"up":[{"embeddable":true,"href":"https:\/\/www.stb-rohr.de\/index.php\/wp-json\/wp\/v2\/pages\/617"}],"wp:featuredmedia":[{"embeddable":true,"href":"https:\/\/www.stb-rohr.de\/index.php\/wp-json\/wp\/v2\/media\/1072"}],"wp:attachment":[{"href":"https:\/\/www.stb-rohr.de\/index.php\/wp-json\/wp\/v2\/media?parent=1004"}],"curies":[{"name":"wp","href":"https:\/\/api.w.org\/{rel}","templated":true}]}}